{"id":4205,"date":"2025-01-23T11:05:13","date_gmt":"2025-01-23T11:05:13","guid":{"rendered":"https:\/\/jalax.ee\/?page_id=4205"},"modified":"2025-01-24T07:55:33","modified_gmt":"2025-01-24T07:55:33","slug":"teavitus","status":"publish","type":"page","link":"https:\/\/jalax.ee\/et\/teavitus\/","title":{"rendered":"Teavitus 2025"},"content":{"rendered":"<p><div class=\"fusion-fullwidth fullwidth-box fusion-builder-row-1 fusion-flex-container has-pattern-background has-mask-background nonhundred-percent-fullwidth non-hundred-percent-height-scrolling\" style=\"background-color: rgba(255,255,255,0);background-position: center center;background-repeat: no-repeat;border-width: 0px 0px 0px 0px;border-color:#eae9e9;border-style:solid;\" ><div class=\"fusion-builder-row fusion-row fusion-flex-align-items-flex-start\" style=\"max-width:104%;margin-left: calc(-4% \/ 2 );margin-right: calc(-4% \/ 2 );\"><div class=\"fusion-layout-column fusion_builder_column fusion-builder-column-0 fusion_builder_column_1_1 1_1 fusion-flex-column\"><div class=\"fusion-column-wrapper fusion-flex-justify-content-flex-start fusion-content-layout-column\" style=\"background-position:left top;background-repeat:no-repeat;-webkit-background-size:cover;-moz-background-size:cover;-o-background-size:cover;background-size:cover;padding: 0px 0px 0px 0px;\"><style type=\"text\/css\">@media only screen and (max-width:1024px) {.fusion-title.fusion-title-1{margin-top:0px!important; margin-right:0px!important;margin-bottom:0px!important;margin-left:0px!important;}}@media only screen and (max-width:640px) {.fusion-title.fusion-title-1{margin-top:0px!important; margin-right:0px!important;margin-bottom:20px!important; margin-left:0px!important;}}<\/style><div class=\"fusion-title title fusion-title-1 fusion-sep-none fusion-title-text fusion-title-size-one\" style=\"margin-top:0px;margin-right:0px;margin-bottom:0px;margin-left:0px;\"><h1 class=\"title-heading-left fusion-responsive-typography-calculated\" style=\"margin:0;--fontSize:30;line-height:1.4;\"><strong>T\u00d6\u00d6ALASEST RIKKUMISEST TEAVITAMINE<\/strong><\/h1><\/div><div class=\"fusion-separator\" style=\"align-self: flex-start;margin-right:auto;margin-top:15px;margin-bottom:15px;width:100%;max-width:50px;\"><div class=\"fusion-separator-border sep-single sep-solid\" style=\"border-color:#e93232;border-top-width:3px;\"><\/div><\/div><div class=\"fusion-text fusion-text-1\"><p><strong>01.09.2024 j\u00f5ustus t\u00f6\u00f6alasest Euroopa Liidu \u00f5iguse rikkumisest teavitaja kaitse seadus (T\u00d5RTKS), mis tagab teavitajatele kaitse t\u00f6\u00f6keskkonnas.<\/strong><\/p>\n<h3>Kuidas teavitada rikkumisest?<\/h3>\n<p>AS-is Jalax saab teavitada rikkumisest meie veebilehel vastava teavituskanali kaudu.<\/p>\n<h3>Rikkumiseks loetakse<\/h3>\n<ul>\n<li>Tooteohutus ja n\u00f5uetele vastavus<\/li>\n<li>Transpordiohutus<\/li>\n<li>Keskkonnakaitse<\/li>\n<li>Eraelu puutumatuse ja isikuandmete kaitse<\/li>\n<li>V\u00f5rgu- ja infos\u00fcsteemide turvalisus<\/li>\n<\/ul>\n<h3>Kes saavad teavitada?<\/h3>\n<ul>\n<li>AS Jalax t\u00f6\u00f6tajad<\/li>\n<li>Teenust osutavad isikud<\/li>\n<li>Praktikal olevad isikud<\/li>\n<li>T\u00f6\u00f6suhte protsessis olevad isikud<\/li>\n<li>Lepingupartnerite t\u00f6\u00f6tajad<\/li>\n<\/ul>\n<p><strong>NB! Teavitaja peab tegutsema heas usus ja uskuma, et rikkumine on aset leidnud. Teadlikult valeinfo esitamine on keelatud<\/strong>.<\/p>\n<h3>Teavituse menetlemine<\/h3>\n<p>Rikkumisteateid menetleb AS Jalax personalispetsialist. Vajadusel kaasatakse spetsialiste v\u00f5i edastatakse info p\u00e4devatele asutustele.<br \/>\nAnon\u00fc\u00fcmsed teavitused on lubatud. Kui soovite tagasisidet, lisage oma kontaktandmed.<\/p>\n<h3>Konfidentsiaalsus ja kaitse<\/h3>\n<p>Teadvalt valeinfo esitamise korral kaitse ei kehti.<br \/>\nRikkumisest teavitamise p\u00f5him\u00f5tted on kirjas rikkumisest teavitamise korras- tutvu korraga <a href=\"https:\/\/jalax.ee\/wp-content\/uploads\/2025\/01\/Jalax-rikkumisest-teavitamise-kord.pdf\">siin<\/a><\/p>\n<\/div><style type=\"text\/css\">@media only screen and (max-width:1024px) {.fusion-title.fusion-title-2{margin-top:0px!important; margin-right:0px!important;margin-bottom:0px!important;margin-left:0px!important;}}@media only screen and (max-width:640px) {.fusion-title.fusion-title-2{margin-top:0px!important; margin-right:0px!important;margin-bottom:20px!important; margin-left:0px!important;}}<\/style><div class=\"fusion-title title fusion-title-2 fusion-sep-none fusion-title-text fusion-title-size-one\" style=\"margin-top:0px;margin-right:0px;margin-bottom:0px;margin-left:0px;\"><h1 class=\"title-heading-left fusion-responsive-typography-calculated\" style=\"margin:0;--fontSize:30;line-height:1.4;\"><strong>RIKKUMISEST SAAD TEAVITADA SIIN<\/strong><\/h1><\/div><div class=\"fusion-separator\" style=\"align-self: flex-start;margin-right:auto;margin-top:15px;margin-bottom:15px;width:100%;max-width:50px;\"><div class=\"fusion-separator-border sep-single sep-solid\" style=\"border-color:#e93232;border-top-width:3px;\"><\/div><\/div>\n<div class=\"wpcf7 no-js\" id=\"wpcf7-f4140-o1\" lang=\"en-US\" dir=\"ltr\" data-wpcf7-id=\"4140\">\n<div class=\"screen-reader-response\"><p role=\"status\" aria-live=\"polite\" aria-atomic=\"true\"><\/p> <ul><\/ul><\/div>\n<form action=\"\/et\/wp-json\/wp\/v2\/pages\/4205#wpcf7-f4140-o1\" method=\"post\" class=\"wpcf7-form init\" aria-label=\"Contact form\" novalidate=\"novalidate\" data-status=\"init\">\n<fieldset class=\"hidden-fields-container\"><input type=\"hidden\" name=\"_wpcf7\" value=\"4140\" \/><input type=\"hidden\" name=\"_wpcf7_version\" value=\"6.1.5\" \/><input type=\"hidden\" name=\"_wpcf7_locale\" value=\"en_US\" \/><input type=\"hidden\" name=\"_wpcf7_unit_tag\" value=\"wpcf7-f4140-o1\" \/><input type=\"hidden\" name=\"_wpcf7_container_post\" value=\"0\" \/><input type=\"hidden\" name=\"_wpcf7_posted_data_hash\" value=\"\" \/>\n<\/fieldset>\n<p><label> <strong>S\u00fcndmuse toimumise aeg *<\/strong><br \/>\n<span class=\"wpcf7-form-control-wrap\" data-name=\"syndmuse-aeg\"><input size=\"40\" maxlength=\"400\" class=\"wpcf7-form-control wpcf7-text wpcf7-validates-as-required\" aria-required=\"true\" aria-invalid=\"false\" placeholder=\"M\u00e4rkige s\u00fcndmuse kuup\u00e4ev\" value=\"\" type=\"text\" name=\"syndmuse-aeg\" \/><\/span> <\/label>\n<\/p>\n<p><label> <strong>S\u00fcndmuse toimumise koht *<\/strong><br \/>\n<span class=\"wpcf7-form-control-wrap\" data-name=\"syndmuse-koht\"><input size=\"40\" maxlength=\"400\" class=\"wpcf7-form-control wpcf7-text wpcf7-validates-as-required\" aria-required=\"true\" aria-invalid=\"false\" placeholder=\"Palun kirjeldage, kus s\u00fcndmus aset leidis.\" value=\"\" type=\"text\" name=\"syndmuse-koht\" \/><\/span> <\/label>\n<\/p>\n<p><label> <strong>Juhtumi kirjeldus *<\/strong><br \/>\n<span class=\"wpcf7-form-control-wrap\" data-name=\"juhtumi-kirjeldus\"><textarea cols=\"40\" rows=\"10\" maxlength=\"2000\" class=\"wpcf7-form-control wpcf7-textarea wpcf7-validates-as-required\" aria-required=\"true\" aria-invalid=\"false\" placeholder=\"Kirjelda olukorda nii t\u00e4pselt, kui v\u00f5imalik\" name=\"juhtumi-kirjeldus\"><\/textarea><\/span> <\/label>\n<\/p>\n<p><label> <strong>Kes on seotud? *<\/strong><br \/>\n<span class=\"wpcf7-form-control-wrap\" data-name=\"seotud-isikud\"><input size=\"40\" maxlength=\"400\" class=\"wpcf7-form-control wpcf7-text wpcf7-validates-as-required\" aria-required=\"true\" aria-invalid=\"false\" placeholder=\"Sisesta nimed v\u00f5i ametinimetused\" value=\"\" type=\"text\" name=\"seotud-isikud\" \/><\/span> <\/label>\n<\/p>\n<p><label> <strong>Kontaktandmed (valikuline)<\/strong><br \/>\n<span class=\"wpcf7-form-control-wrap\" data-name=\"kontaktandmed\"><input size=\"40\" maxlength=\"400\" class=\"wpcf7-form-control wpcf7-text\" aria-invalid=\"false\" placeholder=\"Tagasiside saamiseks sisesta e-post v\u00f5i tel\" value=\"\" type=\"text\" name=\"kontaktandmed\" \/><\/span> <\/label>\n<\/p>\n<p><div id=\"cf7sr-69e74c7e29d51\" class=\"cf7sr-g-recaptcha\" data-theme=\"light\" data-type=\"image\" data-size=\"normal\" data-sitekey=\"6LfeonsUAAAAAGSV9fccGZM5o1SwBGJpSdhXTlmG\"><\/div><span class=\"wpcf7-form-control-wrap cf7sr-recaptcha\" data-name=\"cf7sr-recaptcha\"><input type=\"hidden\" name=\"cf7sr-recaptcha\" value=\"\" class=\"wpcf7-form-control\"><\/span>\n<\/p>\n<p><input class=\"wpcf7-form-control wpcf7-submit has-spinner\" type=\"submit\" value=\"Saada teavitus\" \/>\n<\/p><div class=\"fusion-alert alert custom alert-custom fusion-alert-center wpcf7-response-output fusion-alert-capitalize alert-dismissable\" role=\"alert\" style=\"border-width:1px;\"><div class=\"fusion-alert-content-wrapper\"><span class=\"fusion-alert-content\"><\/span><\/div><button type=\"button\" class=\"close toggle-alert\" data-dismiss=\"alert\" aria-label=\"Close\">&times;<\/button><\/div>\n<\/form>\n<\/div>\n\n<\/div><style type=\"text\/css\">.fusion-body .fusion-builder-column-0{width:100% !important;margin-top : 0px;margin-bottom : 20px;}.fusion-builder-column-0 > .fusion-column-wrapper {padding-top : 0px !important;padding-right : 0px !important;margin-right : 1.92%;padding-bottom : 0px !important;padding-left : 0px !important;margin-left : 1.92%;}@media only screen and (max-width:1024px) {.fusion-body .fusion-builder-column-0{width:100% !important;order : 0;}.fusion-builder-column-0 > .fusion-column-wrapper {margin-right : 1.92%;margin-left : 1.92%;}}@media only screen and (max-width:640px) {.fusion-body .fusion-builder-column-0{width:100% !important;order : 0;}.fusion-builder-column-0 > .fusion-column-wrapper {margin-right : 1.92%;margin-left : 1.92%;}}<\/style><\/div><\/div><style type=\"text\/css\">.fusion-body .fusion-flex-container.fusion-builder-row-1{ padding-top : 0px;margin-top : 0px;padding-right : 30px;padding-bottom : 0px;margin-bottom : 0px;padding-left : 30px;}<\/style><\/div><div class=\"fusion-fullwidth fullwidth-box fusion-builder-row-2 fusion-flex-container has-pattern-background has-mask-background nonhundred-percent-fullwidth non-hundred-percent-height-scrolling\" style=\"background-color: #424242;background-position: center center;background-repeat: no-repeat;border-width: 0px 0px 0px 0px;border-color:#eae9e9;border-style:solid;\" ><div class=\"fusion-builder-row fusion-row fusion-flex-align-items-flex-start\" style=\"max-width:104%;margin-left: calc(-4% \/ 2 );margin-right: calc(-4% \/ 2 );\"><div class=\"fusion-layout-column fusion_builder_column fusion-builder-column-1 fusion_builder_column_1_4 1_4 fusion-flex-column\"><div class=\"fusion-column-wrapper fusion-flex-justify-content-flex-start fusion-content-layout-column\" style=\"background-position:left top;background-repeat:no-repeat;-webkit-background-size:cover;-moz-background-size:cover;-o-background-size:cover;background-size:cover;padding: 0px 0px 0px 0px;\"><div class=\"fusion-text fusion-text-2\"><h5><span style=\"color: #ffffff;\"><strong>JALAX AS<\/strong><\/span><\/h5>\n<\/div><div class=\"fusion-separator\" style=\"align-self: flex-start;margin-right:auto;margin-top:5px;margin-bottom:15px;width:100%;max-width:40px;\"><div class=\"fusion-separator-border sep-single sep-solid\" style=\"border-color:#c1c1c1;border-top-width:3px;\"><\/div><\/div><div class=\"fusion-separator\" style=\"align-self: flex-start;margin-right:auto;margin-top:5px;margin-bottom:15px;width:100%;max-width:40px;\"><\/div><div class=\"fusion-social-links fusion-social-links-1\"><div class=\"fusion-social-networks boxed-icons\"><div class=\"fusion-social-networks-wrapper\"><a class=\"fusion-social-network-icon fusion-tooltip fusion-linkedin awb-icon-linkedin\" style=\"color:#ffffff;font-size:16px;width:16px;background-color:#0077b5;border-color:#0077b5;border-radius:4px;\" data-placement=\"top\" data-title=\"LinkedIn\" data-toggle=\"tooltip\" title=\"LinkedIn\" aria-label=\"linkedin\" target=\"_self\" href=\"https:\/\/www.linkedin.com\/company\/jalax\"><\/a><\/div><\/div><\/div><style type=\"text\/css\">.fusion-social-links-1{text-align:;}.fusion-social-links-1 .boxed-icons .fusion-social-network-icon{padding-top: !important;padding-right: !important;padding-bottom: !important;padding-left: !important;}@media only screen and (max-width:1024px){.fusion-social-links-1{text-align:;} }@media only screen and (max-width:640px){.fusion-social-links-1{text-align:;} }.fusion-social-links-1{ margin-top : 0px;margin-right : 0px;margin-bottom : 0px;margin-left : 0px;}<\/style><\/div><style type=\"text\/css\">.fusion-body .fusion-builder-column-1{width:25% !important;margin-top : 0px;margin-bottom : 20px;}.fusion-builder-column-1 > .fusion-column-wrapper {padding-top : 0px !important;padding-right : 0px !important;margin-right : 7.68%;padding-bottom : 0px !important;padding-left : 0px !important;margin-left : 7.68%;}@media only screen and (max-width:1024px) {.fusion-body .fusion-builder-column-1{width:100% !important;order : 0;}.fusion-builder-column-1 > .fusion-column-wrapper {margin-right : 1.92%;margin-left : 1.92%;}}@media only screen and (max-width:640px) {.fusion-body .fusion-builder-column-1{width:100% !important;order : 0;}.fusion-builder-column-1 > .fusion-column-wrapper {margin-right : 1.92%;margin-left : 1.92%;}}<\/style><\/div><div class=\"fusion-layout-column fusion_builder_column fusion-builder-column-2 fusion_builder_column_1_6 1_6 fusion-flex-column footer-nav\"><div class=\"fusion-column-wrapper fusion-flex-justify-content-flex-start fusion-content-layout-column\" style=\"background-position:left top;background-repeat:no-repeat;-webkit-background-size:cover;-moz-background-size:cover;-o-background-size:cover;background-size:cover;padding: 0px 0px 0px 0px;\"><div class=\"fusion-text fusion-text-3\"><h5><span style=\"color: #ffffff;\"><strong>EIS<\/strong><\/span><\/h5>\n<\/div><div class=\"fusion-separator\" style=\"align-self: flex-start;margin-right:auto;margin-top:5px;margin-bottom:15px;width:100%;max-width:40px;\"><div class=\"fusion-separator-border sep-single sep-solid\" style=\"border-color:#c1c1c1;border-top-width:3px;\"><\/div><\/div><style type=\"text\/css\">.fusion-gallery-1 .fusion-gallery-image {border:1px solid #000000;}<\/style><div class=\"awb-gallery-wrapper awb-gallery-wrapper-1 button-span-no\" style=\"--more-btn-alignment:center;\"><div class=\"fusion-gallery fusion-gallery-container fusion-grid-2 fusion-columns-total-2 fusion-gallery-layout-grid fusion-gallery-1\" style=\"margin:-5px;\"><div style=\"padding:5px;\" class=\"fusion-grid-column fusion-gallery-column fusion-gallery-column-2\"><div class=\"fusion-gallery-image fusion-gallery-image-liftup\"><a href=\"https:\/\/jalax.ee\/et\/eas\/\" rel=\"noreferrer\" data-rel=\"iLightbox[gallery_image_1]\" class=\"fusion-lightbox\" target=\"_self\"><img decoding=\"async\" src=\"https:\/\/jalax.ee\/wp-content\/uploads\/2026\/02\/Screenshot-2026-02-25-144119-460x267.png\" width=\"460\" height=\"267\" alt=\"\" title=\"eis-eu-eccc\" aria-label=\"eis-eu-eccc\" class=\"img-responsive wp-image-4406 fusion-gallery-image-size-fixed\"  \/><\/a><\/div><\/div><div style=\"padding:5px;\" class=\"fusion-grid-column fusion-gallery-column fusion-gallery-column-2\"><div class=\"fusion-gallery-image fusion-gallery-image-liftup\"><a href=\"https:\/\/jalax.ee\/et\/eas\/\" rel=\"noreferrer\" data-rel=\"iLightbox[gallery_image_1]\" class=\"fusion-lightbox\" target=\"_self\"><img decoding=\"async\" src=\"https:\/\/jalax.ee\/wp-content\/uploads\/2026\/02\/Screenshot-2026-02-25-144145-460x266.png\" width=\"460\" height=\"266\" alt=\"\" title=\"eis-eesti\" aria-label=\"eis-eesti\" class=\"img-responsive wp-image-4410 fusion-gallery-image-size-fixed\"  \/><\/a><\/div><\/div><div class=\"clearfix\"><\/div><\/div><\/div><\/div><style type=\"text\/css\">.fusion-body .fusion-builder-column-2{width:16.666666666667% !important;margin-top : 0px;margin-bottom : 20px;}.fusion-builder-column-2 > .fusion-column-wrapper {padding-top : 0px !important;padding-right : 0px !important;margin-right : 11.52%;padding-bottom : 0px !important;padding-left : 0px !important;margin-left : 11.52%;}@media only screen and (max-width:1024px) {.fusion-body .fusion-builder-column-2{width:100% !important;order : 0;}.fusion-builder-column-2 > .fusion-column-wrapper {margin-right : 1.92%;margin-left : 1.92%;}}@media only screen and (max-width:640px) {.fusion-body .fusion-builder-column-2{width:100% !important;order : 0;}.fusion-builder-column-2 > .fusion-column-wrapper {margin-right : 1.92%;margin-left : 1.92%;}}<\/style><\/div><div class=\"fusion-layout-column fusion_builder_column fusion-builder-column-3 fusion_builder_column_1_6 1_6 fusion-flex-column footer-nav\"><div class=\"fusion-column-wrapper fusion-flex-justify-content-flex-start fusion-content-layout-column\" style=\"background-position:left top;background-repeat:no-repeat;-webkit-background-size:cover;-moz-background-size:cover;-o-background-size:cover;background-size:cover;padding: 0px 0px 0px 0px;\"><div class=\"fusion-text fusion-text-4\"><h5><span style=\"color: #ffffff;\"><strong>NAVIGATSIOON<\/strong><\/span><\/h5>\n<\/div><div class=\"fusion-separator\" style=\"align-self: flex-start;margin-right:auto;margin-top:5px;margin-bottom:15px;width:100%;max-width:40px;\"><div class=\"fusion-separator-border sep-single sep-solid\" style=\"border-color:#c1c1c1;border-top-width:3px;\"><\/div><\/div><div class=\"fusion-text fusion-text-5\"><p><a href=\"https:\/\/jalax.ee\/et\">AVALEHT<\/a><\/p>\n<p><a href=\"https:\/\/jalax.ee\/et\/company\/\">ETTEV\u00d5TTEST<\/a><\/p>\n<p><a href=\"https:\/\/jalax.ee\/et\/teenused\/\">TEENUSED<\/a><\/p>\n<p><a href=\"https:\/\/jalax.ee\/et\/products\/\">TOOTED<\/a><\/p>\n<p><a href=\"https:\/\/jalax.ee\/et\/contact-us\/\">KONTAKT<\/a><\/p>\n<p><a href=\"https:\/\/jalax.ee\/et\/careers\/\">TULE T\u00d6\u00d6LE<\/a><\/p>\n<p><a href=\"https:\/\/jalax.ee\/et\/teavitus\/\">TEAVITA RIKKUMISEST<\/a><\/p>\n<\/div><\/div><style type=\"text\/css\">.fusion-body .fusion-builder-column-3{width:16.666666666667% !important;margin-top : 0px;margin-bottom : 20px;}.fusion-builder-column-3 > .fusion-column-wrapper {padding-top : 0px !important;padding-right : 0px !important;margin-right : 11.52%;padding-bottom : 0px !important;padding-left : 0px !important;margin-left : 11.52%;}@media only screen and (max-width:1024px) {.fusion-body .fusion-builder-column-3{width:100% !important;order : 0;}.fusion-builder-column-3 > .fusion-column-wrapper {margin-right : 1.92%;margin-left : 1.92%;}}@media only screen and (max-width:640px) {.fusion-body .fusion-builder-column-3{width:100% !important;order : 0;}.fusion-builder-column-3 > .fusion-column-wrapper {margin-right : 1.92%;margin-left : 1.92%;}}<\/style><\/div><div class=\"fusion-layout-column fusion_builder_column fusion-builder-column-4 fusion_builder_column_1_6 1_6 fusion-flex-column footer-nav\"><div class=\"fusion-column-wrapper fusion-flex-justify-content-flex-start fusion-content-layout-column\" style=\"background-position:left top;background-repeat:no-repeat;-webkit-background-size:cover;-moz-background-size:cover;-o-background-size:cover;background-size:cover;padding: 0px 0px 0px 0px;\"><div class=\"fusion-text fusion-text-6\"><h5><span style=\"color: #ffffff;\"><strong>KONTAKT<\/strong><\/span><\/h5>\n<\/div><div class=\"fusion-separator\" style=\"align-self: flex-start;margin-right:auto;margin-top:5px;margin-bottom:15px;width:100%;max-width:40px;\"><div class=\"fusion-separator-border sep-single sep-solid\" style=\"border-color:#c1c1c1;border-top-width:3px;\"><\/div><\/div><div class=\"fusion-text fusion-text-7\" style=\"font-size:12px;color:#ffffff;\"><p>Tootmisbaasi,\u00a0M\u00fcndi k\u00fcla, Paide linn, 72762 J\u00e4rva maakond<\/p>\n<\/div><div class=\"fusion-separator fusion-full-width-sep\" style=\"align-self: center;margin-left: auto;margin-right: auto;margin-top:10px;width:100%;\"><\/div><div class=\"fusion-text fusion-text-8\" style=\"font-size:12px;color:#ffffff;\"><p>Telefon: <a href=\"tel: +3723838400\">+372 383 8400<\/a><\/p>\n<p>E-post: <a href=\"mailto:jalax@jalax.ee\">jalax@jalax.ee<\/a><\/p>\n<\/div><div class=\"fusion-separator fusion-full-width-sep\" style=\"align-self: center;margin-left: auto;margin-right: auto;margin-top:10px;width:100%;\"><\/div><div class=\"fusion-text fusion-text-9\" style=\"font-size:12px;color:#ffffff;\"><p>Reg nr: 10097696<\/p>\n<p>KMKR nr: EE100133592<\/p>\n<p>Arvelduskonto: IBAN EE672200221010932976<\/p>\n<p>BIC \/ SWIFT: HABAEE2X<\/p>\n<\/div><\/div><style type=\"text\/css\">.fusion-body .fusion-builder-column-4{width:16.666666666667% !important;margin-top : 0px;margin-bottom : 20px;}.fusion-builder-column-4 > .fusion-column-wrapper {padding-top : 0px !important;padding-right : 0px !important;margin-right : 11.52%;padding-bottom : 0px !important;padding-left : 0px !important;margin-left : 11.52%;}@media only screen and (max-width:1024px) {.fusion-body .fusion-builder-column-4{width:100% !important;order : 0;}.fusion-builder-column-4 > .fusion-column-wrapper {margin-right : 1.92%;margin-left : 1.92%;}}@media only screen and (max-width:640px) {.fusion-body .fusion-builder-column-4{width:100% !important;order : 0;}.fusion-builder-column-4 > .fusion-column-wrapper {margin-right : 1.92%;margin-left : 1.92%;}}<\/style><\/div><div class=\"fusion-layout-column fusion_builder_column fusion-builder-column-5 fusion_builder_column_1_4 1_4 fusion-flex-column\"><div class=\"fusion-column-wrapper fusion-flex-justify-content-flex-start fusion-content-layout-column\" style=\"background-position:left top;background-repeat:no-repeat;-webkit-background-size:cover;-moz-background-size:cover;-o-background-size:cover;background-size:cover;padding: 0px 0px 0px 0px;\"><div class=\"fusion-text fusion-text-10\"><h5><span style=\"color: #ffffff;\"><strong>KVALITEET<\/strong><\/span><\/h5>\n<\/div><div class=\"fusion-separator\" style=\"align-self: flex-start;margin-right:auto;margin-top:5px;margin-bottom:15px;width:100%;max-width:40px;\"><div class=\"fusion-separator-border sep-single sep-solid\" style=\"border-color:#c1c1c1;border-top-width:3px;\"><\/div><\/div><div class=\"fusion-text fusion-text-11\"><p><img decoding=\"async\" class=\"alignleft wp-image-4316\" src=\"https:\/\/jalax.ee\/wp-content\/uploads\/2025\/12\/BVCER_withoutQR-ISO-9001-ISO-14001-e1765361819132-300x122.png\" alt=\"ISO 9001 &amp; ISO 14001\" width=\"250\" height=\"102\" srcset=\"https:\/\/jalax.ee\/wp-content\/uploads\/2025\/12\/BVCER_withoutQR-ISO-9001-ISO-14001-e1765361819132-200x81.png 200w, https:\/\/jalax.ee\/wp-content\/uploads\/2025\/12\/BVCER_withoutQR-ISO-9001-ISO-14001-e1765361819132-300x122.png 300w, https:\/\/jalax.ee\/wp-content\/uploads\/2025\/12\/BVCER_withoutQR-ISO-9001-ISO-14001-e1765361819132-400x163.png 400w, https:\/\/jalax.ee\/wp-content\/uploads\/2025\/12\/BVCER_withoutQR-ISO-9001-ISO-14001-e1765361819132-600x244.png 600w, https:\/\/jalax.ee\/wp-content\/uploads\/2025\/12\/BVCER_withoutQR-ISO-9001-ISO-14001-e1765361819132-669x272.png 669w, https:\/\/jalax.ee\/wp-content\/uploads\/2025\/12\/BVCER_withoutQR-ISO-9001-ISO-14001-e1765361819132-768x313.png 768w, https:\/\/jalax.ee\/wp-content\/uploads\/2025\/12\/BVCER_withoutQR-ISO-9001-ISO-14001-e1765361819132-800x326.png 800w, https:\/\/jalax.ee\/wp-content\/uploads\/2025\/12\/BVCER_withoutQR-ISO-9001-ISO-14001-e1765361819132-1024x417.png 1024w, https:\/\/jalax.ee\/wp-content\/uploads\/2025\/12\/BVCER_withoutQR-ISO-9001-ISO-14001-e1765361819132.png 1184w\" sizes=\"(max-width: 250px) 100vw, 250px\" \/><\/p>\n<\/div><\/div><style type=\"text\/css\">.fusion-body .fusion-builder-column-5{width:25% !important;margin-top : 0px;margin-bottom : 20px;}.fusion-builder-column-5 > .fusion-column-wrapper {padding-top : 0px !important;padding-right : 0px !important;margin-right : 7.68%;padding-bottom : 0px !important;padding-left : 0px !important;margin-left : 7.68%;}@media only screen and (max-width:1024px) {.fusion-body .fusion-builder-column-5{width:100% !important;order : 0;}.fusion-builder-column-5 > .fusion-column-wrapper {margin-right : 1.92%;margin-left : 1.92%;}}@media only screen and (max-width:640px) {.fusion-body .fusion-builder-column-5{width:100% !important;order : 0;}.fusion-builder-column-5 > .fusion-column-wrapper {margin-right : 1.92%;margin-left : 1.92%;}}<\/style><\/div><\/div><style type=\"text\/css\">.fusion-fullwidth.fusion-builder-row-2 { overflow:auto; }.fusion-body .fusion-flex-container.fusion-builder-row-2{ padding-top : 0px;margin-top : 0px;padding-right : 30px;padding-bottom : 0px;margin-bottom : 0px;padding-left : 30px;}<\/style><\/div>\n<\/p>\n","protected":false},"excerpt":{"rendered":"","protected":false},"author":4,"featured_media":0,"parent":0,"menu_order":0,"comment_status":"closed","ping_status":"closed","template":"","meta":{"_exactmetrics_skip_tracking":false,"_exactmetrics_sitenote_active":false,"_exactmetrics_sitenote_note":"","_exactmetrics_sitenote_category":0,"footnotes":""},"class_list":["post-4205","page","type-page","status-publish","hentry"],"aioseo_notices":[],"_links":{"self":[{"href":"https:\/\/jalax.ee\/et\/wp-json\/wp\/v2\/pages\/4205","targetHints":{"allow":["GET"]}}],"collection":[{"href":"https:\/\/jalax.ee\/et\/wp-json\/wp\/v2\/pages"}],"about":[{"href":"https:\/\/jalax.ee\/et\/wp-json\/wp\/v2\/types\/page"}],"author":[{"embeddable":true,"href":"https:\/\/jalax.ee\/et\/wp-json\/wp\/v2\/users\/4"}],"replies":[{"embeddable":true,"href":"https:\/\/jalax.ee\/et\/wp-json\/wp\/v2\/comments?post=4205"}],"version-history":[{"count":12,"href":"https:\/\/jalax.ee\/et\/wp-json\/wp\/v2\/pages\/4205\/revisions"}],"predecessor-version":[{"id":4222,"href":"https:\/\/jalax.ee\/et\/wp-json\/wp\/v2\/pages\/4205\/revisions\/4222"}],"wp:attachment":[{"href":"https:\/\/jalax.ee\/et\/wp-json\/wp\/v2\/media?parent=4205"}],"curies":[{"name":"wp","href":"https:\/\/api.w.org\/{rel}","templated":true}]}}